{"id":8,"date":"2022-11-03T14:21:04","date_gmt":"2022-11-03T13:21:04","guid":{"rendered":"http:\/\/bmpl.pl\/?page_id=8"},"modified":"2023-11-10T16:52:30","modified_gmt":"2023-11-10T15:52:30","slug":"home","status":"publish","type":"page","link":"https:\/\/bmpl.pl\/","title":{"rendered":"Home"},"content":{"rendered":"<h1><\/h1>\n<h1><\/h1>\n<h1><\/h1>\n<h1 style=\"text-align: center;\">Export of authentically Polish products<\/h1>\n<p style=\"text-align: center;\">Feel the essence of Poland with BMPL Paulina \u015awi\u0105tek, the best choice for Polish premium exports<\/p>\n","protected":false},"excerpt":{"rendered":"<p>Export of authentically Polish products Feel the essence of Poland with BMPL Paulina \u015awi\u0105tek, the best choice for Polish premium exports<\/p>\n","protected":false},"author":1,"featured_media":0,"parent":0,"menu_order":0,"comment_status":"closed","ping_status":"closed","template":"","meta":{"neve_meta_sidebar":"","neve_meta_container":"","neve_meta_enable_content_width":"","neve_meta_content_width":0,"neve_meta_title_alignment":"","neve_meta_author_avatar":"","neve_post_elements_order":"","neve_meta_disable_header":"","neve_meta_disable_footer":"","neve_meta_disable_title":"","footnotes":""},"class_list":["post-8","page","type-page","status-publish","hentry"],"yoast_head":"<!-- This site is optimized with the Yoast SEO plugin v21.5 - https:\/\/yoast.com\/wordpress\/plugins\/seo\/ -->\n<title>Home - BMPL - Paulina \u015awi\u0105tek<\/title>\n<meta name=\"description\" content=\"Strona G\u0142\u00f3wna\" \/>\n<meta name=\"robots\" content=\"index, follow, max-snippet:-1, max-image-preview:large, max-video-preview:-1\" \/>\n<link rel=\"canonical\" href=\"http:\/\/bmpl.pl\/\" \/>\n<meta property=\"og:locale\" content=\"pl_PL\" \/>\n<meta property=\"og:type\" content=\"article\" \/>\n<meta property=\"og:title\" content=\"Home - BMPL - Paulina \u015awi\u0105tek\" \/>\n<meta property=\"og:description\" content=\"Strona G\u0142\u00f3wna\" \/>\n<meta property=\"og:url\" content=\"http:\/\/bmpl.pl\/\" \/>\n<meta property=\"og:site_name\" content=\"BMPL - Paulina \u015awi\u0105tek\" \/>\n<meta property=\"article:modified_time\" content=\"2023-11-10T15:52:30+00:00\" \/>\n<meta name=\"twitter:card\" content=\"summary_large_image\" \/>\n<meta name=\"twitter:label1\" content=\"Szacowany czas czytania\" \/>\n\t<meta name=\"twitter:data1\" content=\"1 minuta\" \/>\n<script type=\"application\/ld+json\" class=\"yoast-schema-graph\">{\"@context\":\"https:\/\/schema.org\",\"@graph\":[{\"@type\":\"WebPage\",\"@id\":\"http:\/\/bmpl.pl\/\",\"url\":\"http:\/\/bmpl.pl\/\",\"name\":\"Home - BMPL - Paulina \u015awi\u0105tek\",\"isPartOf\":{\"@id\":\"http:\/\/bmpl.pl\/#website\"},\"datePublished\":\"2022-11-03T13:21:04+00:00\",\"dateModified\":\"2023-11-10T15:52:30+00:00\",\"description\":\"Strona G\u0142\u00f3wna\",\"breadcrumb\":{\"@id\":\"http:\/\/bmpl.pl\/#breadcrumb\"},\"inLanguage\":\"pl-PL\",\"potentialAction\":[{\"@type\":\"ReadAction\",\"target\":[\"http:\/\/bmpl.pl\/\"]}]},{\"@type\":\"BreadcrumbList\",\"@id\":\"http:\/\/bmpl.pl\/#breadcrumb\",\"itemListElement\":[{\"@type\":\"ListItem\",\"position\":1,\"name\":\"Home\",\"item\":\"http:\/\/bmpl.pl\/\"},{\"@type\":\"ListItem\",\"position\":2,\"name\":\"Home\"}]},{\"@type\":\"WebSite\",\"@id\":\"http:\/\/bmpl.pl\/#website\",\"url\":\"http:\/\/bmpl.pl\/\",\"name\":\"BMPL - Paulina \u015awi\u0105tek\",\"description\":\"\",\"potentialAction\":[{\"@type\":\"SearchAction\",\"target\":{\"@type\":\"EntryPoint\",\"urlTemplate\":\"http:\/\/bmpl.pl\/?s={search_term_string}\"},\"query-input\":\"required name=search_term_string\"}],\"inLanguage\":\"pl-PL\"}]}<\/script>\n<!-- \/ Yoast SEO plugin. -->","yoast_head_json":{"title":"Home - BMPL - Paulina \u015awi\u0105tek","description":"Strona G\u0142\u00f3wna","robots":{"index":"index","follow":"follow","max-snippet":"max-snippet:-1","max-image-preview":"max-image-preview:large","max-video-preview":"max-video-preview:-1"},"canonical":"http:\/\/bmpl.pl\/","og_locale":"pl_PL","og_type":"article","og_title":"Home - BMPL - Paulina \u015awi\u0105tek","og_description":"Strona G\u0142\u00f3wna","og_url":"http:\/\/bmpl.pl\/","og_site_name":"BMPL - Paulina \u015awi\u0105tek","article_modified_time":"2023-11-10T15:52:30+00:00","twitter_card":"summary_large_image","twitter_misc":{"Szacowany czas czytania":"1 minuta"},"schema":{"@context":"https:\/\/schema.org","@graph":[{"@type":"WebPage","@id":"http:\/\/bmpl.pl\/","url":"http:\/\/bmpl.pl\/","name":"Home - BMPL - Paulina \u015awi\u0105tek","isPartOf":{"@id":"http:\/\/bmpl.pl\/#website"},"datePublished":"2022-11-03T13:21:04+00:00","dateModified":"2023-11-10T15:52:30+00:00","description":"Strona G\u0142\u00f3wna","breadcrumb":{"@id":"http:\/\/bmpl.pl\/#breadcrumb"},"inLanguage":"pl-PL","potentialAction":[{"@type":"ReadAction","target":["http:\/\/bmpl.pl\/"]}]},{"@type":"BreadcrumbList","@id":"http:\/\/bmpl.pl\/#breadcrumb","itemListElement":[{"@type":"ListItem","position":1,"name":"Home","item":"http:\/\/bmpl.pl\/"},{"@type":"ListItem","position":2,"name":"Home"}]},{"@type":"WebSite","@id":"http:\/\/bmpl.pl\/#website","url":"http:\/\/bmpl.pl\/","name":"BMPL - Paulina \u015awi\u0105tek","description":"","potentialAction":[{"@type":"SearchAction","target":{"@type":"EntryPoint","urlTemplate":"http:\/\/bmpl.pl\/?s={search_term_string}"},"query-input":"required name=search_term_string"}],"inLanguage":"pl-PL"}]}},"_links":{"self":[{"href":"https:\/\/bmpl.pl\/index.php?rest_route=\/wp\/v2\/pages\/8","targetHints":{"allow":["GET"]}}],"collection":[{"href":"https:\/\/bmpl.pl\/index.php?rest_route=\/wp\/v2\/pages"}],"about":[{"href":"https:\/\/bmpl.pl\/index.php?rest_route=\/wp\/v2\/types\/page"}],"author":[{"embeddable":true,"href":"https:\/\/bmpl.pl\/index.php?rest_route=\/wp\/v2\/users\/1"}],"replies":[{"embeddable":true,"href":"https:\/\/bmpl.pl\/index.php?rest_route=%2Fwp%2Fv2%2Fcomments&post=8"}],"version-history":[{"count":17,"href":"https:\/\/bmpl.pl\/index.php?rest_route=\/wp\/v2\/pages\/8\/revisions"}],"predecessor-version":[{"id":127,"href":"https:\/\/bmpl.pl\/index.php?rest_route=\/wp\/v2\/pages\/8\/revisions\/127"}],"wp:attachment":[{"href":"https:\/\/bmpl.pl\/index.php?rest_route=%2Fwp%2Fv2%2Fmedia&parent=8"}],"curies":[{"name":"wp","href":"https:\/\/api.w.org\/{rel}","templated":true}]}}